{"id":3968,"date":"2024-03-21T03:07:46","date_gmt":"2024-03-21T03:07:46","guid":{"rendered":"https:\/\/viajaplus.com.mx\/?page_id=3968"},"modified":"2024-05-15T16:58:12","modified_gmt":"2024-05-15T16:58:12","slug":"aviso-de-privacidad","status":"publish","type":"page","link":"https:\/\/viajaplus.com.mx\/index.php\/aviso-de-privacidad\/","title":{"rendered":"Aviso de Privacidad"},"content":{"rendered":"<p>Alianzas Vacacionales, S.A. de C.V., con domicilio en calle Niza, n\u00famero 157, Colonia Diaz Ordaz, en la Ciudad de Puerto Vallarta, Jalisco, C\u00f3digo Postal 48310, es el responsable del uso y protecci\u00f3n de sus datos personales, y al respecto le informamos lo siguiente:<\/p><p>Los datos personales que recabamos de usted, los utilizaremos para las siguientes finalidades respecto del servicio que solicita.<\/p><p>Para identificaci\u00f3n, verificaci\u00f3n y contacto.<\/p><p>Para su atenci\u00f3n en caso de incidentes de salud o de seguridad.<\/p><p>Contrataci\u00f3n, administraci\u00f3n, operaci\u00f3n y reservaci\u00f3n de servicios contratados con nosotros que pueden referirse a hospedaje, membres\u00edas, spa, alimentos y bebidas, excursiones, coordinaci\u00f3n de transporte terrestre, organizaci\u00f3n de bodas, congresos o convenciones y otras amenidades o servicios tur\u00edsticos complementarios.<\/p><p>Realizar la contrataci\u00f3n, administraci\u00f3n y operaci\u00f3n de los servicios relativos a la membres\u00eda que usted contrate con nosotros o la administraci\u00f3n y la prestaci\u00f3n de los servicios de tiempo compartido que usted haya contratado con nosotros.<\/p><p>La facturaci\u00f3n y cobranza del precio pactado por la membres\u00eda, cuotas anuales de mantenimiento y de otras contraprestaciones que resulten a su cargo.<\/p><p>Procesar su afiliaci\u00f3n a la o las empresas de intercambio que usted elija al momento de adquirir la membres\u00eda o con posterioridad a ello.<\/p><p>Procesar financiamientos de terceros, ya sean personas f\u00edsicas o morales, que usted elija al momento de adquirir la membres\u00eda.<\/p><p>Cualquier otra forma de tratamiento de datos derivado de su calidad cliente en nuestras p\u00e1ginas web, tales como procesamiento de pedidos e integraci\u00f3n de expedientes administrativos como soporte documental o de otra \u00edndole respecto de la relaci\u00f3n comercial existente con usted.<\/p><p>De manera adicional utilizaremos su informaci\u00f3n personal para las siguientes finalidades secundarias que no son necesarias para el servicio solicitado, pero que nos permiten y facilitan brindarle una mejor atenci\u00f3n:<\/p><p>Mercadotecnia o publicitaria.<\/p><p>Prospecci\u00f3n comercial.<\/p><p>Control de calidad<\/p><p>Definici\u00f3n de comportamientos de consumo.<\/p><p>Realizaci\u00f3n de campa\u00f1as de retroalimentaci\u00f3n y actualizaci\u00f3n de datos.<\/p><p>En caso de que no desee que sus datos personales se utilicen para estos fines secundarios, le pedimos que nos lo haga saber utilizando la opci\u00f3n que resulte aplicable:<\/p><p>En caso de que proporcione sus datos de forma directa, h\u00e1galo saber en ese mismo momento a nuestro colaborador y solicite que le proporcione el formato correspondiente para documentar su negativa.<\/p><p>En caso de que proporcione sus datos utilizando nuestra p\u00e1gina de internet o una aplicaci\u00f3n m\u00f3vil, deber\u00e1 enviar un mensaje de correo electr\u00f3nico a la direcci\u00f3n Direccion@viajaplus.com.mx.<\/p><p>La negativa para el uso de sus datos personales para estas finalidades secundarias no podr\u00e1 ser un motivo para que le neguemos los servicios y productos que solicita o contrata con nosotros.<\/p><p>2. \u00bfQu\u00e9 datos personales utilizaremos para estos fines?<\/p><p>Datos de identificaci\u00f3n: Nombre, apellidos, firma, identificaci\u00f3n con fotograf\u00eda, Clave \u00danica del Registro de Poblaci\u00f3n (CURP).<\/p><p>Datos generales: Domicilio completo, sea particular o de trabajo, direcci\u00f3n de correo electr\u00f3nico personal o de trabajo; n\u00famero telef\u00f3nico particular o del trabajo; n\u00famero de tel\u00e9fono celular, ID Nextel (en su caso) y n\u00famero de fax; fecha de nacimiento; edad, estado civil y nacionalidad.<\/p><p>Datos fiscales: Clave de Registro Federal de Contribuyentes (RFC), as\u00ed como domicilio fiscal y r\u00e9gimen fiscal (en su caso).<\/p><p>Datos de cuentas bancarias: N\u00fameros vinculados con cuentas bancarias, tarjetas de cr\u00e9dito y\/o d\u00e9bito, nombre del titular de la cuenta o tarjeta, n\u00famero de cuenta y banco de origen, CLABE (en su caso), n\u00famero de la tarjeta de cr\u00e9dito o d\u00e9bito; fecha de vencimiento de la tarjeta, tipo de tarjeta y c\u00f3digo de seguridad. Todos estos datos son almacenados con su consentimiento expreso y en caso de nos haga saber su oposici\u00f3n podr\u00edamos vernos impedidos para proveer los servicios contratados en virtud de que podr\u00eda no ser posible procesar el pago correspondiente.<\/p><p>Datos patrimoniales: Informaci\u00f3n estad\u00edstica respecto a su rango de ingresos y egresos y respecto a las membres\u00edas que en su caso adquiera.<\/p><p>Datos personales de fuentes de acceso p\u00fablico y recibido v\u00eda transferencias consentidas: provenientes de registros p\u00fablicos, directorios, redes sociales y otras fuentes l\u00edcitas disponibles en el mercado, as\u00ed como datos personales que nos hayan sido compartidos por terceros a los cuales hubiese autorizado previamente.<\/p><p>Datos personales provenientes de agencias de viajes: Alianzas Vacacionales, S.A. de C.V., podr\u00eda recibir sus datos personales cuando usted realice su reservaci\u00f3n de hospedaje a trav\u00e9s de alguna agencia de viajes minorista o mayorista con domicilio en territorio nacional o en el extranjero, como tambi\u00e9n otras plataformas que comercializan los servicios (p\u00e1ginas de internet, programas vacacionales de aerol\u00edneas y otras similares conocidas o que se conozcan).<\/p><p>Los datos personales descritos en los incisos precitados del presente apartado, se recolectan mediante: i) el uso de formatos o documentos impresos; ii) el uso de correos electr\u00f3nicos y\/o iii) el suministro voluntario de informaci\u00f3n y datos personales cuando usted se hospeda en nuestras instalaciones o al asistir a nuestras presentaciones de venta, cuando se comunica v\u00eda telef\u00f3nica con nosotros o con nuestros colaboradores (incluyendo el \u00e1rea de atenci\u00f3n a clientes); iv) v\u00eda nuestro sitio Web, as\u00ed como v) la utilizaci\u00f3n de fuentes de acceso p\u00fablico y de otras fuentes disponibles en el mercado.<\/p><p>Los datos personales recolectados por Alianzas Vacacionales, S.A. de C.V., se encuentran protegidos por medidas de seguridad, administrativas y f\u00edsicas adecuadas contra el da\u00f1o, p\u00e9rdida, alteraci\u00f3n, destrucci\u00f3n, uso, acceso o tratamiento no autorizado, de conformidad con lo dispuesto en la LFPDPPP y su Reglamento. Para conocer m\u00e1s sobre nuestras medidas de seguridad le pedimos nos contacte a Direccion@viajaplus.com.mx.<\/p><p>3. \u00bfCon qui\u00e9n compartimos su informaci\u00f3n personal y para qu\u00e9 fines?<\/p><p>Le informamos que sus datos personales pueden ser transferidos a terceros dentro y fuera del territorio nacional en caso de que sea necesario para llevar a cabo las finalidades consignadas en el presente aviso de privacidad.<\/p><p>Tambi\u00e9n compartiremos sus datos personales con terceros independientes con los que requerimos interactuar para llevar a cabo las finalidades aqu\u00ed establecidas. Dichos terceros independientes especialmente incluyen instituciones bancarias que procesan sus pagos.<\/p><p>Esta transferencia siempre ser\u00e1 opcional y usted podr\u00e1 oponerse en cualquier momento. Los terceros con los que compartiremos sus datos personales pueden ser:<\/p><p>Tercero Pa\u00eds&nbsp;&nbsp;&nbsp;&nbsp;&nbsp;&nbsp;&nbsp; Finalidad&nbsp;&nbsp;&nbsp;&nbsp;&nbsp;&nbsp;&nbsp;&nbsp;&nbsp;&nbsp;&nbsp;&nbsp; Tipo de transferencia<\/p><p>Instituciones bancarias&nbsp; M\u00e9xico Procesamiento de pagos.&nbsp;&nbsp;&nbsp;&nbsp;&nbsp;&nbsp;&nbsp;&nbsp;&nbsp;&nbsp;&nbsp; Voluntaria<\/p><p>Servicio de Administraci\u00f3n Tributaria&nbsp;&nbsp;&nbsp;&nbsp;&nbsp; M\u00e9xico Dar cumplimiento a las disposiciones fiscales vigentes mediante la presentaci\u00f3n de declaraciones peri\u00f3dicas.&nbsp;&nbsp;&nbsp;&nbsp;&nbsp;&nbsp;&nbsp;&nbsp;&nbsp;&nbsp;&nbsp;&nbsp;&nbsp;&nbsp; Obligatoria<\/p><p>Procuradur\u00eda Federal del Consumidor&nbsp;&nbsp;&nbsp;&nbsp; M\u00e9xico La atenci\u00f3n de procedimientos previstos en la Ley Federal de Protecci\u00f3n al Consumidor.&nbsp;&nbsp;&nbsp;&nbsp;&nbsp;&nbsp;&nbsp; Obligatoria<\/p><p>Empresas de Intercambio&nbsp;&nbsp;&nbsp;&nbsp;&nbsp;&nbsp;&nbsp;&nbsp;&nbsp;&nbsp;&nbsp; Mundial&nbsp;&nbsp;&nbsp;&nbsp;&nbsp;&nbsp;&nbsp;&nbsp;&nbsp;&nbsp;&nbsp;&nbsp;&nbsp;&nbsp; Procesar su afiliaci\u00f3n a la empresa para el intercambio de puntos vacacionales.&nbsp;&nbsp;&nbsp;&nbsp;&nbsp; Voluntaria<\/p><p>Proveedores de servicios tur\u00edsticos&nbsp;&nbsp;&nbsp;&nbsp;&nbsp;&nbsp;&nbsp;&nbsp;&nbsp; M\u00e9xico Servicios de yate.&nbsp;&nbsp;&nbsp;&nbsp;&nbsp;&nbsp;&nbsp;&nbsp;&nbsp;&nbsp;&nbsp; Voluntaria<\/p><p>Proveedores de servicios de campos de Golf&nbsp;&nbsp;&nbsp;&nbsp;&nbsp; M\u00e9xico Servicios de campos de golf.&nbsp;&nbsp;&nbsp;&nbsp;&nbsp;&nbsp;&nbsp;&nbsp;&nbsp;&nbsp;&nbsp;&nbsp;&nbsp;&nbsp; Voluntaria<\/p><p>Finalmente se\u00f1alamos que transferiremos sus datos en los supuestos contemplados por el Art\u00edculo 37 de la \u201cLFPDPPP\u201d que expresamente la posibilidad de compartir sus datos con autoridades competentes y sociedades controladoras, subsidiarias o afiliadas bajo el control com\u00fan del responsable, o a una sociedad matriz o a cualquier sociedad del mismo.<\/p><p>4. \u00bfC\u00f3mo puede acceder, rectificar o cancelar sus datos personales, u oponerse a su uso?<\/p><p>Usted tiene derecho a conocer qu\u00e9 datos personales tenemos de usted, para qu\u00e9 los utilizamos y las condiciones del uso que les damos (Acceso). Asimismo, es su derecho solicitar la correcci\u00f3n de su informaci\u00f3n personal en caso de que est\u00e9 desactualizada, sea inexacta o incompleta (Rectificaci\u00f3n); que la eliminemos de nuestros registros o bases de datos cuando considere que la misma no est\u00e1 siendo utilizada adecuadamente (Cancelaci\u00f3n); as\u00ed como oponerse al uso de sus datos personales para fines espec\u00edficos (Oposici\u00f3n). Estos derechos se conocen como derechos ARCO.<\/p><p>Con relaci\u00f3n al procedimiento y requisitos para el ejercicio de sus derechos ARCO, le informamos lo siguiente:<\/p><p>a) \u00bfQu\u00e9 informaci\u00f3n, documentaci\u00f3n y requisitos deber\u00e1 contener la solicitud?<\/p><p>En cuanto a los requisitos generales que debe cubrir la solicitud, est\u00e1n los siguientes:<\/p><p>Nombre del titular de los datos personales.<\/p><p>Documentos que acrediten la identidad del titular (pasaporte, credencial para votar expedida por el Instituto Nacional Electoral, c\u00e9dula profesional estatal o federal o licencia de manejo).<\/p><p>En su caso, nombre del representante del titular y documentos para acreditar su identidad y personalidad. Trat\u00e1ndose de apoderados de personas f\u00edsicas, la representaci\u00f3n se acreditar\u00e1 mediante las siguientes 3 opciones: a) instrumento p\u00fablico (documento suscrito por parte de un Notario P\u00fablico), b) carta poder firmada ante dos testigos (anexando copia simple de sus identificaciones oficiales), c) acudiendo usted y su representante a declarar en comparecencia del responsable presentando su identificaci\u00f3n oficial (pasaporte, credencial para votar expedida por el Instituto Nacional Electoral, c\u00e9dula profesional estatal o federal o licencia de manejo).<\/p><p>Domicilio o cualquier medio para recibir notificaciones.<\/p><p>Descripci\u00f3n clara y precisa de los datos personales y del derecho que se quiere ejercer o de lo que se solicita.<\/p><p>Los datos o documentos que faciliten identificar la informaci\u00f3n materia de la solicitud (por ejemplo, n\u00famero de membres\u00eda, fecha de estancia, n\u00famero de reservaci\u00f3n, fechas de hospedaje, etc).<\/p><p>As\u00ed mismo, en relaci\u00f3n al tipo de solicitud, requerimos por favor nos indique la siguiente informaci\u00f3n adicional, a fin de que su solicitud pueda ser atendida de forma m\u00e1s eficiente:<\/p><p>Solicitud de Acceso:<\/p><p>Indicar la modalidad en la que usted prefiere que se reproduzcan los datos personales solicitados.<\/p><p>Solicitud de Rectificaci\u00f3n:<\/p><p>Especificar las modificaciones que se solicitan a los datos personales, as\u00ed como aportar los documentos que sustenten la solicitud.<\/p><p>Se\u00f1alar las causas que motivan la petici\u00f3n de que se eliminen los datos de los archivos, registros o bases de datos del responsable.<\/p><p>En el caso de que la solicitud se refiera a un tratamiento en lo particular, se deben indicar las finalidades espec\u00edficas respecto de las cuales se solicita el ejercicio del derecho.<\/p><p>Solicitud de Cancelaci\u00f3n:<\/p><p>Solicitud de Oposici\u00f3n:<\/p><p>b) \u00bfA trav\u00e9s de qu\u00e9 medios pueden acreditar su identidad el titular y, en su caso, su representante, as\u00ed como la personalidad este \u00faltimo?<\/p><p>Para el ejercicio de cualquiera de los derechos ARCO, usted deber\u00e1 presentar la solicitud respectiva a trav\u00e9s de los siguientes medios:<\/p><p>Por correo electr\u00f3nico a la direcci\u00f3n direccion@viajaplus.com.mx. El domicilio de nuestro Departamento de Datos Personales es calle Niza, n\u00famero 157, Colonia Gustavo Diaz Ordaz, en la Ciudad de Puerto Vallarta, Jalisco, C\u00f3digo Postal 48310, n\u00famero de tel\u00e9fono 322-2930006.<\/p><p>El formato de atenci\u00f3n a solicitudes ARCO, por favor solicitarlo en la cuenta Direccion@viajaplus.com.mx.<\/p><p>c) \u00bfEn cu\u00e1ntos d\u00edas le daremos respuesta a su solicitud?<\/p><p>20 d\u00edas h\u00e1biles.<\/p><p>d) \u00bfPor qu\u00e9 medio le comunicaremos la respuesta a su solicitud?<\/p><p>Por correo electr\u00f3nico.<\/p><p>e) \u00bfEn qu\u00e9 medios se pueden reproducir los datos personales que, en su caso, solicite?<\/p><p>En la misma forma que hayan sido proporcionados por el cliente<\/p><p>f) \u00bfSe aplica alg\u00fan costo por el ejercicio de mis derechos ARCO?<\/p><p>El ejercicio de los derechos ARCO es gratuito. Sin embargo, usted puede ser requerido a cubrir \u00fanicamente los gastos justificados de env\u00edo o el costo de reproducci\u00f3n en copias u otros formatos. Del mismo modo, si la misma persona reitera su solicitud en un periodo menor a doce meses, los costos no ser\u00e1n mayores a tres d\u00edas de Salario M\u00ednimo General Vigente en el Distrito Federal, a menos que existan modificaciones sustanciales al aviso de privacidad que motiven nuevas consultas.<\/p><p>g) \u00bfQu\u00e9 pasa si una solicitud es incompleta o no se anexan todos los datos que incluye el procedimiento?<\/p><p>En caso de que su solicitud no cuente con la informaci\u00f3n descrita en el apartado 4 Requisitos (incisos a y b), o bien, no es clara, es err\u00f3nea o est\u00e1 incompleta, Alianzas Vacacionales, S.A. de C.V., podr\u00e1 solicitar al titular que proporcione la informaci\u00f3n faltante, para atender su petici\u00f3n dentro de los 5 d\u00edas h\u00e1biles siguientes a la recepci\u00f3n de la solicitud, de no dar respuesta la solicitud se tendr\u00e1 como no presentada.<\/p><p>El titular contar\u00e1 con 10 d\u00edas h\u00e1biles, para atender el requerimiento de Alianzas Vacacionales, S.A. de C.V., contados a partir del d\u00eda siguiente en que lo haya recibido. En caso de que el titular atienda el requerimiento de informaci\u00f3n, el plazo para que el responsable d\u00e9 respuesta, empezar\u00e1 a correr al d\u00eda siguiente de que el titular, haya atendido el requerimiento.<\/p><p>Para mayor informaci\u00f3n sobre el procedimiento, ponemos a disposici\u00f3n los siguientes medios:<\/p><p>Correo electr\u00f3nico: direccion@viajaplus.com.mx.<\/p><p>Contactando a nuestro departamento de protecci\u00f3n de datos, que est\u00e1 a cargo de dar tr\u00e1mite a las solicitudes de derechos ARCO, son los siguientes:<\/p><p>Nombre de la persona o departamento de datos personales: Alianzas Vacacionales, S.A. de C.V.<\/p><p>Domicilio: calle Niza, n\u00famero 157, Colonia Gustavo Diaz Ordaz, en la Ciudad de Puerto Vallarta, Jalisco, C\u00f3digo Postal 48310.<\/p><p>Correo electr\u00f3nico: direccion@viajaplus.com.mx.<\/p><p>N\u00famero telef\u00f3nico: 800-953-0515.<\/p><p>Usted puede revocar su consentimiento para el uso de sus datos personales.<\/p><p>5. Revocaci\u00f3n del consentimiento:<\/p><p>Usted puede revocar el consentimiento que, en su caso, nos haya otorgado para el tratamiento de sus datos personales. Sin embargo, es importante que tenga en cuenta que no en todos los casos podremos atender su solicitud o concluir el uso de forma inmediata, ya que es posible que por alguna obligaci\u00f3n legal requiramos seguir tratando sus datos personales. Asimismo, usted deber\u00e1 considerar que, para ciertos fines, la revocaci\u00f3n de su consentimiento implicar\u00e1 que no le podamos seguir prestando el servicio que nos solicit\u00f3, o la conclusi\u00f3n de su relaci\u00f3n con nosotros.<\/p><p>Para revocar su consentimiento deber\u00e1 presentar su solicitud a trav\u00e9s del siguiente medio:<\/p><p>correo electr\u00f3nico direccion@viajaplus.com.mx.<\/p><p>Con relaci\u00f3n al procedimiento y requisitos para la revocaci\u00f3n de su consentimiento, le informamos lo siguiente:<\/p><p>a) \u00bfQu\u00e9 informaci\u00f3n, documentaci\u00f3n y requisitos deber\u00e1 contener la solicitud de revocaci\u00f3n del consentimiento?<\/p><p>En cuanto a los requisitos generales que debe cubrir la solicitud, est\u00e1n los siguientes:<\/p><p>Nombre del titular de los datos personales.<\/p><p>Documentos que acrediten la identidad del titular (pasaporte, credencial para votar expedida por el Instituto Nacional Electoral, c\u00e9dula profesional estatal o federal o licencia de manejo).<\/p><p>En su caso, nombre del representante del titular y documentos para acreditar su identidad y personalidad. Trat\u00e1ndose de apoderados de personas f\u00edsicas, la representaci\u00f3n se acreditar\u00e1 mediante las siguientes 3 opciones: a) instrumento p\u00fablico (documento suscrito por parte de un Notario P\u00fablico), b) carta poder firmada ante dos testigos (anexando copia simple de sus identificaciones oficiales), c) acudiendo usted y su representante a declarar en comparecencia del responsable presentando su identificaci\u00f3n oficial (pasaporte, credencial para votar expedida por el Instituto Nacional Electoral, c\u00e9dula profesional estatal o federal o licencia de manejo).<\/p><p>Domicilio o cualquier medio para recibir notificaciones.<\/p><p>Una descripci\u00f3n de los datos personales respecto de los que se plantea la revocaci\u00f3n del consentimiento y preferentemente, sin que esto sea obligatorio, los motivos de la solicitud.<\/p><p>Los datos o documentos que faciliten identificar la informaci\u00f3n materia de la solicitud (por ejemplo, n\u00famero de membres\u00eda, fecha de estancia, n\u00famero de reservaci\u00f3n, etc).<\/p><p>b) \u00bfA trav\u00e9s de qu\u00e9 medios pueden acreditar su identidad el titular y, en su caso, su representante, as\u00ed como la personalidad este \u00faltimo?<\/p><p>Por correo electr\u00f3nico a la direcci\u00f3n Direccion@viajaplus.com.mx. El domicilio de nuestro Departamento de Datos Personales es calle Niza, n\u00famero 157, Colonia Gustavo Diaz Ordaz, en la Ciudad de Puerto Vallarta, Jalisco, C\u00f3digo Postal 48310, n\u00famero de tel\u00e9fono 800-953-0515.<\/p><p>c) \u00bfQu\u00e9 informaci\u00f3n y\/o documentaci\u00f3n deber\u00e1 contener la solicitud?<\/p><p>Una descripci\u00f3n de los datos personales respecto de los que se plantea la revocaci\u00f3n del consentimiento y preferentemente, sin que esto sea obligatorio, los motivos de la solicitud.<\/p><p>d) \u00bfEn cu\u00e1ntos d\u00edas le daremos respuesta a su solicitud?<\/p><p>20 d\u00edas h\u00e1biles (todos los d\u00edas del a\u00f1o, a excepci\u00f3n de los s\u00e1bados, domingos e inh\u00e1biles por disposici\u00f3n de Ley).<\/p><p>e) \u00bfPor qu\u00e9 medio le comunicaremos la respuesta a su solicitud?<\/p><p>Por correo electr\u00f3nico. Alternativamente, en caso de que el titular no cuente con correo electr\u00f3nico o no desee que se env\u00ede la respuesta por ese medio, se remitir\u00e1 por mensajer\u00eda o servicio postal.<\/p><p>f) \u00bfQu\u00e9 pasa si una solicitud es incompleta o no se anexan todos los datos que incluye el procedimiento?<\/p><p>En caso de que su solicitud no cuente con la informaci\u00f3n descrita en el apartado 4 Requisitos (incisos a y b), o bien, no es clara, es err\u00f3nea o est\u00e1 incompleta, Alianzas Vacacionales, S.A. de C.V., podr\u00e1 solicitar al titular que proporcione la informaci\u00f3n faltante, para atender su petici\u00f3n dentro de los 5 d\u00edas h\u00e1biles siguientes a la recepci\u00f3n de la solicitud, de no dar respuesta la solicitud se tendr\u00e1 como no presentada.<\/p><p>El titular contar\u00e1 con 10 d\u00edas h\u00e1biles, para atender el requerimiento de Alianzas Vacacionales, S.A. de C.V., contados a partir del d\u00eda siguiente en que lo haya recibido. En caso de que el titular atienda el requerimiento de informaci\u00f3n, el plazo para que el responsable d\u00e9 respuesta, empezar\u00e1 a correr al d\u00eda siguiente de que el titular, haya atendido el requerimiento.<\/p><p>g) Para mayor informaci\u00f3n sobre el procedimiento, ponemos a disposici\u00f3n los siguientes medios:<\/p><p>El titular puede contactar a nuestro Departamento de Datos Personales en la direcci\u00f3n de correo electr\u00f3nico direccion@viajaplus.com.mx. y con domicilio f\u00edsico en calle Niza, n\u00famero 157, Colonia Gustavo Diaz Ordaz, en la Ciudad de Puerto Vallarta, Jalisco, C\u00f3digo Postal 48310, n\u00famero de tel\u00e9fono 800-953-0515.<\/p><p>6. \u00bfC\u00f3mo puede limitar el uso o divulgaci\u00f3n de su informaci\u00f3n personal?<\/p><p>Con objeto de que usted pueda limitar el uso y divulgaci\u00f3n de su informaci\u00f3n personal, le ofrecemos los siguientes medios: el cliente puede limitar el uso o divulgaci\u00f3n de sus datos personales enviando un correo donde haga el planteamiento concreto a la direcci\u00f3n de correo electr\u00f3nico direccion@viajaplus.com.mx.<\/p><p>De manera adicional, le informamos que contamos con los siguientes listados de exclusi\u00f3n, en los cuales podr\u00e1 registrarse o bien, des inscribirse en nuestras plataformas de env\u00edos, para que sus datos personales no sean tratados para ciertos fines (principalmente secundarios):<\/p><p>Nombre del Listado&nbsp;&nbsp;&nbsp;&nbsp;&nbsp;&nbsp;&nbsp; Finalidad para las que aplica&nbsp;&nbsp;&nbsp;&nbsp;&nbsp;&nbsp; Medio para obtener mayor informaci\u00f3n<\/p><p>Ventas&nbsp; Ventas de productos vacacionales.&nbsp;&nbsp;&nbsp;&nbsp;&nbsp;&nbsp;&nbsp;&nbsp; direccion@viajaplus.com.mx.<\/p><p>7. El uso de tecnolog\u00edas de rastreo en nuestro portal de internet<\/p><p>Le informamos que en nuestra p\u00e1gina de internet utilizamos cookies, u otras tecnolog\u00edas, a trav\u00e9s de las cuales es posible monitorear su comportamiento como usuario de internet, as\u00ed como brindarle un mejor servicio y experiencia al navegar en nuestra p\u00e1gina. Los datos personales que recabamos a trav\u00e9s de estas tecnolog\u00edas, los utilizaremos para los siguientes fines:<\/p><p>Para monitorear y prevenir el uso indebido de las plataformas digitales; para mejorar nuestras herramientas digitales y actualizarlas conforme evoluciona la tecnolog\u00eda; y para ofrecer contenido personalizado.<\/p><p>Los datos personales que obtenemos de estas tecnolog\u00edas de rastreo son los siguientes:<\/p><p>Identificadores, nombre de usuario y contrase\u00f1as de una sesi\u00f3n.<\/p><p>Idioma preferido por el usuario.<\/p><p>Regi\u00f3n en la que se encuentra el usuario.<\/p><p>Tipo de navegador del usuario.<\/p><p>Tipo de sistema operativo del usuario.<\/p><p>P\u00e1ginas web visitadas por un usuario.<\/p><p>B\u00fasquedas realizadas por un usuario.<\/p><p>Publicidad revisada por un usuario.<\/p><p>Para m\u00e1s informaci\u00f3n se sugiere consultar nuestra Pol\u00edtica de Cookies:<\/p><p>8. \u00bfC\u00f3mo puede conocer los cambios en este aviso de privacidad?<\/p><p>El presente aviso de privacidad puede sufrir modificaciones, cambios o actualizaciones derivadas de nuevos requerimientos legales; de nuestras propias necesidades por los productos o servicios que ofrecemos; de nuestras pr\u00e1cticas de privacidad; de cambios en nuestro modelo de negocio, o por otras causas. Nos comprometemos a mantenerlo informado sobre los cambios que pueda sufrir el presente aviso de privacidad, a trav\u00e9s de: env\u00edo de correo electr\u00f3nico.<\/p><p>El procedimiento a trav\u00e9s del cual se llevar\u00e1n a cabo las notificaciones sobre cambios o actualizaciones al presente aviso de privacidad es el siguiente:<\/p><p>Los cambios o actualizaciones al aviso de privacidad se dar\u00e1n a conocer por los medios que se describen en esta pol\u00edtica y surtir\u00e1n efectos 1 semana despu\u00e9s. En caso de dudas o comentarios los clientes deber\u00e1n dirigirse a direccion@viajaplus.com.mx.<\/p>","protected":false},"excerpt":{"rendered":"<p>Alianzas Vacacionales, S.A. de C.V., con domicilio en calle Niza, n\u00famero 157, Colonia Diaz Ordaz, en la Ciudad de Puerto Vallarta, Jalisco, C\u00f3digo Postal 48310, es el responsable del uso y protecci\u00f3n de sus datos personales, y al respecto le [&hellip;]<\/p>\n","protected":false},"author":1,"featured_media":0,"parent":0,"menu_order":0,"comment_status":"closed","ping_status":"closed","template":"","meta":{"content-type":"","_monsterinsights_skip_tracking":false,"_monsterinsights_sitenote_active":false,"_monsterinsights_sitenote_note":"","_monsterinsights_sitenote_category":0,"footnotes":""},"class_list":["post-3968","page","type-page","status-publish","hentry"],"aioseo_notices":[],"_links":{"self":[{"href":"https:\/\/viajaplus.com.mx\/index.php\/wp-json\/wp\/v2\/pages\/3968","targetHints":{"allow":["GET"]}}],"collection":[{"href":"https:\/\/viajaplus.com.mx\/index.php\/wp-json\/wp\/v2\/pages"}],"about":[{"href":"https:\/\/viajaplus.com.mx\/index.php\/wp-json\/wp\/v2\/types\/page"}],"author":[{"embeddable":true,"href":"https:\/\/viajaplus.com.mx\/index.php\/wp-json\/wp\/v2\/users\/1"}],"replies":[{"embeddable":true,"href":"https:\/\/viajaplus.com.mx\/index.php\/wp-json\/wp\/v2\/comments?post=3968"}],"version-history":[{"count":4,"href":"https:\/\/viajaplus.com.mx\/index.php\/wp-json\/wp\/v2\/pages\/3968\/revisions"}],"predecessor-version":[{"id":4083,"href":"https:\/\/viajaplus.com.mx\/index.php\/wp-json\/wp\/v2\/pages\/3968\/revisions\/4083"}],"wp:attachment":[{"href":"https:\/\/viajaplus.com.mx\/index.php\/wp-json\/wp\/v2\/media?parent=3968"}],"curies":[{"name":"wp","href":"https:\/\/api.w.org\/{rel}","templated":true}]}}