{"id":3592,"date":"2017-07-25T09:19:56","date_gmt":"2017-07-25T09:19:56","guid":{"rendered":"http:\/\/themes.themegoods.com\/grandtour\/demo2\/?page_id=2"},"modified":"2024-09-04T20:24:25","modified_gmt":"2024-09-04T20:24:25","slug":"acerca-de-viajaplus","status":"publish","type":"page","link":"https:\/\/viajaplus.com.mx\/index.php\/acerca-de-viajaplus\/","title":{"rendered":"Acerca de Viajaplus+"},"content":{"rendered":"<div  class=\"one\" >\n<div class=\"one_half_bg\" style=\"background-image:url(https:\/\/viajaplus.com.mx\/wp-content\/uploads\/2024\/03\/w3996h2667x0y0-246e777f.jpg);height:540px;\"><\/div>\n<div class=\"one_half_bg\" style=\"padding:90px;\">\n<h2 class=\"ppb_title\" style=\"\">Nuestra Misi\u00f3n<\/h2>\n<div class=\"page_tagline\" style=\"\">Crear Recuerdos Inolvidables.<\/div>\n<div class=\"ppb_header_content\">\n<p>En Viajaplus+, nuestra misi\u00f3n es inspirar y facilitar experiencias de viaje inolvidables para nuestros clientes. Nos esforzamos por ofrecer certificados de viaje que no solo brinden acceso a destinos de ensue\u00f1o, sino que tambi\u00e9n creen recuerdos duraderos y momentos inolvidables para quienes conf\u00edan en nosotros para hacer realidad sus sue\u00f1os de viaje.<\/p>\n<\/div>\n<\/div>\n<p><br class=\"clear\"\/><\/div>\n<div  class=\"one\" >\n<div class=\"one_half_bg textright\" style=\"padding:90px;\">\n<h2 class=\"ppb_title\" style=\"\">Nuestros Valores<\/h2>\n<div class=\"page_tagline\" style=\"\">Ser el Socio Preferido de Viajes de Nuestros Clientes.<\/div>\n<div class=\"ppb_header_content\">\n<p>Nuestra visi\u00f3n es convertirnos en el referente l\u00edder en la industria de viajes mediante la venta de certificados de viaje, ofreciendo acceso a los destinos m\u00e1s espectaculares del mundo de manera accesible y conveniente para nuestros clientes. Nos esforzamos por ser reconocidos por nuestra excelencia en el servicio al cliente, la calidad de nuestras experiencias de viaje y nuestra capacidad para inspirar y enriquecer las vidas de quienes conf\u00edan en nosotros para sus aventuras.<\/p>\n<\/div>\n<\/div>\n<div class=\"one_half_bg\" style=\"background-image:url(https:\/\/viajaplus.com.mx\/wp-content\/uploads\/2024\/03\/PVRSlide.jpg);height:540px;\"><\/div>\n<p><br class=\"clear\"\/><\/div>\n<div  class=\"one withsmallpadding ppb_header \" style=\"padding-bottom: 0px !important;text-align:left;padding:60px 0 60px 0;\" >\n<div class=\"standard_wrapper\">\n<div class=\"page_content_wrapper\">\n<div class=\"inner\">\n<div style=\"margin:auto;width:100%\">\n<h2 class=\"ppb_title\" style=\"\">Nuestro equipo de expertos.<\/h2>\n<div class=\"page_tagline\" style=\"\">Enfocados a satisfacer las necesidades de nuestros clientes m\u00e1s exigentes<\/div>\n<\/div>\n<\/div>\n<\/div>\n<\/div>\n<\/div>\n<div  class=\"one withsmallpadding ppb_team_column\" >\n<div class=\"page_content_wrapper page_main_content sidebar_content full_width fixed_column photoframe\">\n<div class=\"standard_wrapper\">\n<div id=\"17254814652060625300\" class=\"portfolio_filter_wrapper gallery five_cols\" data-columns=\"5\">\n<div class=\"element grid photoframe fixed_columns classic5_cols animated1\">\n<div class=\"one_fifth gallery5 classic filterable\">\n<div class=\"post_img\"><img decoding=\"async\" class=\"team_pic\" src=\"https:\/\/viajaplus.com.mx\/wp-content\/uploads\/2024\/03\/profile-pic-6-500x500.png\" alt=\"\"\/><\/div>\n<div class=\"portfolio_info_wrapper center\">\n<h4>Mauricio Salda\u00f1a<\/h4>\n<div class=\"page_tagline\">Supervisor Call Center<\/div>\n<\/div>\n<\/div>\n<\/div>\n<div class=\"element grid photoframe fixed_columns classic5_cols animated2\">\n<div class=\"one_fifth gallery5 classic filterable\">\n<div class=\"post_img\"><img decoding=\"async\" class=\"team_pic\" src=\"https:\/\/viajaplus.com.mx\/wp-content\/uploads\/2024\/03\/profile-pic-9-500x500.png\" alt=\"\"\/><\/div>\n<div class=\"portfolio_info_wrapper center\">\n<h4>Leonardo Franco<\/h4>\n<div class=\"page_tagline\">Asesor de Reservaciones<\/div>\n<\/div>\n<\/div>\n<\/div>\n<div class=\"element grid photoframe fixed_columns classic5_cols animated3\">\n<div class=\"one_fifth gallery5 classic filterable\">\n<div class=\"post_img\"><img decoding=\"async\" class=\"team_pic\" src=\"https:\/\/viajaplus.com.mx\/wp-content\/uploads\/2024\/04\/profile-pic-11-500x500.png\" alt=\"\"\/><\/div>\n<div class=\"portfolio_info_wrapper center\">\n<h4>Sebastian Garcia<\/h4>\n<div class=\"page_tagline\">Asesor de Reservaciones<\/div>\n<\/div>\n<\/div>\n<\/div>\n<div class=\"element grid photoframe fixed_columns classic5_cols animated4\">\n<div class=\"one_fifth gallery5 classic filterable\">\n<div class=\"post_img\"><img decoding=\"async\" class=\"team_pic\" src=\"https:\/\/viajaplus.com.mx\/wp-content\/uploads\/2024\/04\/profile-pic-12-500x500.png\" alt=\"\"\/><\/div>\n<div class=\"portfolio_info_wrapper center\">\n<h4>Dulce Velazquez<\/h4>\n<div class=\"page_tagline\">Asesor de Reservaciones<\/div>\n<\/div>\n<\/div>\n<\/div>\n<div class=\"element grid photoframe fixed_columns classic5_cols animated5\">\n<div class=\"one_fifth gallery5 classic filterable\">\n<div class=\"post_img\"><img decoding=\"async\" class=\"team_pic\" src=\"https:\/\/viajaplus.com.mx\/wp-content\/uploads\/2024\/09\/profile-pic-14-500x500.png\" alt=\"\"\/><\/div>\n<div class=\"portfolio_info_wrapper center\">\n<h4>Esteban Camacho<\/h4>\n<\/div>\n<\/div>\n<\/div>\n<div class=\"element grid photoframe fixed_columns classic5_cols animated6\">\n<div class=\"one_fifth gallery5 classic filterable\">\n<div class=\"post_img\"><img decoding=\"async\" class=\"team_pic\" src=\"https:\/\/viajaplus.com.mx\/wp-content\/uploads\/2024\/09\/profile-pic-15-500x500.png\" alt=\"\"\/><\/div>\n<div class=\"portfolio_info_wrapper center\">\n<h4>Elizabeth Jimenez<\/h4>\n<\/div>\n<\/div>\n<\/div>\n<\/div>\n<\/div>\n<\/div>\n<\/div>\n<div  class=\"parallax \" style=\"background-image: url(https:\/\/viajaplus.com.mx\/wp-content\/uploads\/2024\/03\/perfect-tan-slim-sexy-woman-tropical-beach-young-blonde-woman-have-fun-enjoying-her-summer-vacation-scaled.jpg);height:50vh; \"><\/div>\n","protected":false},"excerpt":{"rendered":"<p>Nuestra Misi\u00f3n Crear Recuerdos Inolvidables. En Viajaplus+, nuestra misi\u00f3n es inspirar y facilitar experiencias de viaje inolvidables para nuestros clientes. Nos esforzamos por ofrecer certificados de viaje que no solo brinden acceso a destinos de ensue\u00f1o, sino que tambi\u00e9n creen [&hellip;]<\/p>\n","protected":false},"author":1,"featured_media":3990,"parent":0,"menu_order":0,"comment_status":"closed","ping_status":"open","template":"","meta":{"content-type":"","_monsterinsights_skip_tracking":false,"_monsterinsights_sitenote_active":false,"_monsterinsights_sitenote_note":"","_monsterinsights_sitenote_category":0,"footnotes":""},"class_list":["post-3592","page","type-page","status-publish","has-post-thumbnail","hentry"],"aioseo_notices":[],"_links":{"self":[{"href":"https:\/\/viajaplus.com.mx\/index.php\/wp-json\/wp\/v2\/pages\/3592","targetHints":{"allow":["GET"]}}],"collection":[{"href":"https:\/\/viajaplus.com.mx\/index.php\/wp-json\/wp\/v2\/pages"}],"about":[{"href":"https:\/\/viajaplus.com.mx\/index.php\/wp-json\/wp\/v2\/types\/page"}],"author":[{"embeddable":true,"href":"https:\/\/viajaplus.com.mx\/index.php\/wp-json\/wp\/v2\/users\/1"}],"replies":[{"embeddable":true,"href":"https:\/\/viajaplus.com.mx\/index.php\/wp-json\/wp\/v2\/comments?post=3592"}],"version-history":[{"count":34,"href":"https:\/\/viajaplus.com.mx\/index.php\/wp-json\/wp\/v2\/pages\/3592\/revisions"}],"predecessor-version":[{"id":4108,"href":"https:\/\/viajaplus.com.mx\/index.php\/wp-json\/wp\/v2\/pages\/3592\/revisions\/4108"}],"wp:featuredmedia":[{"embeddable":true,"href":"https:\/\/viajaplus.com.mx\/index.php\/wp-json\/wp\/v2\/media\/3990"}],"wp:attachment":[{"href":"https:\/\/viajaplus.com.mx\/index.php\/wp-json\/wp\/v2\/media?parent=3592"}],"curies":[{"name":"wp","href":"https:\/\/api.w.org\/{rel}","templated":true}]}}