{"id":3101,"date":"2017-07-28T09:34:29","date_gmt":"2017-07-28T09:34:29","guid":{"rendered":"http:\/\/themes.themegoods.com\/grandtour\/demo2\/?page_id=3101"},"modified":"2024-11-19T18:15:58","modified_gmt":"2024-11-19T18:15:58","slug":"hoteles","status":"publish","type":"page","link":"https:\/\/viajaplus.com.mx\/index.php\/hoteles\/","title":{"rendered":"Hoteles"},"content":{"rendered":"<div  class=\"ppb_tour_classic one nopadding \" >\n<div class=\"page_content_wrapper page_main_content sidebar_content full_width fixed_column\">\n<div class=\"standard_wrapper\">\n<div id=\"1732040158970650362\" class=\"portfolio_filter_wrapper gallery classic four_cols\" data-columns=\"4\">\n<div class=\"element grid classic4_cols animated1\">\n<div class=\"one_fourth gallery4 classic static filterable portfolio_type themeborder\"><a class=\"tour_image\" href=\"https:\/\/viajaplus.com.mx\/index.php\/tour\/dreams-estrella-de-mar-mazatlan\/\"><br \/>\n\t\t\t\t\t<img decoding=\"async\" src=\"https:\/\/viajaplus.com.mx\/wp-content\/uploads\/2024\/10\/CoverDreamsEstrella-700x466.jpg\" alt=\"Dreams Estrella de Mar Mazatl\u00e1n\" \/><\/p>\n<div class=\"tour_label\">60% De Descuento<\/div>\n<div class=\"tour_price has_discount\"><span class=\"normal_price\"><br \/>\n\t\t\t\t\t\t\t\t$37,475<br \/>\n\t\t\t\t\t\t\t<\/span>$15,990<\/div>\n<p><\/a><\/p>\n<div class=\"portfolio_info_wrapper\">\n        \t\t    <a class=\"tour_link\" href=\"https:\/\/viajaplus.com.mx\/index.php\/tour\/dreams-estrella-de-mar-mazatlan\/\"><\/p>\n<h4>Dreams Estrella de Mar Mazatl\u00e1n<\/h4>\n<p><\/a><\/p>\n<div class=\"tour_excerpt\">\n<p>Certificado Vacacional Dreams Estrella de Mar Mazatl\u00e1n.<\/p>\n<p> \t5 Dias 4 Noches.<br \/>\n \tTodo Incluido.<br \/>\n \t2 Adultos + 2 Menores (3 A\u00f1os).<br \/>\n \tHabitacion Vista Al Mar.<br \/>\n \tAcceso a todos los restaurantes.<br \/>\n \tTodas las actividades y shows nocturnos \u2026<\/p>\n<\/div>\n<div class=\"tour_attribute_wrapper\"><\/div>\n<p>        \t\t    <br class=\"clear\"\/>\n\t\t\t\t<\/div>\n<\/div>\n<\/div>\n<div class=\"element grid classic4_cols animated2\">\n<div class=\"one_fourth gallery4 classic static filterable portfolio_type themeborder\"><a class=\"tour_image\" href=\"https:\/\/viajaplus.com.mx\/index.php\/tour\/marival-emotions-resorts-suites\/\"><br \/>\n\t\t\t\t\t<img decoding=\"async\" src=\"https:\/\/viajaplus.com.mx\/wp-content\/uploads\/2016\/12\/Marival001-700x466.jpg\" alt=\"Marival Emotions Resorts &#038; Suites\" \/><\/p>\n<div class=\"tour_label\">Oferta<\/div>\n<div class=\"tour_price has_discount\"><span class=\"normal_price\"><br \/>\n\t\t\t\t\t\t\t\t$35,000<br \/>\n\t\t\t\t\t\t\t<\/span>$12,990<\/div>\n<p><\/a><\/p>\n<div class=\"portfolio_info_wrapper\">\n        \t\t    <a class=\"tour_link\" href=\"https:\/\/viajaplus.com.mx\/index.php\/tour\/marival-emotions-resorts-suites\/\"><\/p>\n<h4>Marival Emotions Resorts &#038; Suites<\/h4>\n<p><\/a><\/p>\n<div class=\"tour_excerpt\">\n<p>Todo Incluido, Riviera Nayarit<\/p>\n<\/div>\n<div class=\"tour_attribute_wrapper\">\n<div class=\"tour_attribute_days\">\n\t\t\t    \t\t\t    <span class=\"ti-time\"><\/span>4&nbsp;days<\/div>\n<\/div>\n<p>        \t\t    <br class=\"clear\"\/>\n\t\t\t\t<\/div>\n<\/div>\n<\/div>\n<div class=\"element grid classic4_cols animated3\">\n<div class=\"one_fourth gallery4 classic static filterable portfolio_type themeborder\"><a class=\"tour_image\" href=\"https:\/\/viajaplus.com.mx\/index.php\/tour\/plaza-pelicanos-beach-resort\/\"><br \/>\n\t\t\t\t\t<img decoding=\"async\" src=\"https:\/\/viajaplus.com.mx\/wp-content\/uploads\/2016\/12\/Portada-700x466.jpg\" alt=\"Plaza Pelicanos Beach Resort\" \/><\/p>\n<div class=\"tour_label\">Oferta<\/div>\n<div class=\"tour_price has_discount\"><span class=\"normal_price\"><br \/>\n\t\t\t\t\t\t\t\t$25,000<br \/>\n\t\t\t\t\t\t\t<\/span>$11,990<\/div>\n<p><\/a><\/p>\n<div class=\"portfolio_info_wrapper\">\n        \t\t    <a class=\"tour_link\" href=\"https:\/\/viajaplus.com.mx\/index.php\/tour\/plaza-pelicanos-beach-resort\/\"><\/p>\n<h4>Plaza Pelicanos Beach Resort<\/h4>\n<p><\/a><\/p>\n<div class=\"tour_excerpt\">\n<p>Todo Incluido , Puerto Vallarta<\/p>\n<\/div>\n<div class=\"tour_attribute_wrapper\">\n<div class=\"tour_attribute_days\">\n\t\t\t    \t\t\t    <span class=\"ti-time\"><\/span>4&nbsp;days<\/div>\n<\/div>\n<p>        \t\t    <br class=\"clear\"\/>\n\t\t\t\t<\/div>\n<\/div>\n<\/div>\n<div class=\"element grid classic4_cols animated4\">\n<div class=\"one_fourth gallery4 classic static filterable portfolio_type themeborder\"><a class=\"tour_image\" href=\"https:\/\/viajaplus.com.mx\/index.php\/tour\/dreams-vista-cancun-golf-spa-resort-all-inclusive\/\"><br \/>\n\t\t\t\t\t<img decoding=\"async\" src=\"https:\/\/viajaplus.com.mx\/wp-content\/uploads\/2016\/12\/Portada-2-700x466.jpg\" alt=\"Dreams Vista Cancun Golf &#038; Spa Resort &#8211; All Inclusive\" \/><\/p>\n<div class=\"tour_label\">Oferta<\/div>\n<div class=\"tour_price has_discount\"><span class=\"normal_price\"><br \/>\n\t\t\t\t\t\t\t\t$29,000<br \/>\n\t\t\t\t\t\t\t<\/span>$14,990<\/div>\n<p><\/a><\/p>\n<div class=\"portfolio_info_wrapper\">\n        \t\t    <a class=\"tour_link\" href=\"https:\/\/viajaplus.com.mx\/index.php\/tour\/dreams-vista-cancun-golf-spa-resort-all-inclusive\/\"><\/p>\n<h4>Dreams Vista Cancun Golf &#038; Spa Resort &#8211; All Inclusive<\/h4>\n<p><\/a><\/p>\n<div class=\"tour_excerpt\">\n<p>Todo Incluido, Canc\u00fan<\/p>\n<\/div>\n<div class=\"tour_attribute_wrapper\">\n<div class=\"tour_attribute_days\">\n\t\t\t    \t\t\t    <span class=\"ti-time\"><\/span>4&nbsp;days<\/div>\n<\/div>\n<p>        \t\t    <br class=\"clear\"\/>\n\t\t\t\t<\/div>\n<\/div>\n<\/div>\n<div class=\"element grid classic4_cols animated5\">\n<div class=\"one_fourth gallery4 classic static filterable portfolio_type themeborder\"><a class=\"tour_image\" href=\"https:\/\/viajaplus.com.mx\/index.php\/tour\/sheraton-buganvilias-resort\/\"><br \/>\n\t\t\t\t\t<img decoding=\"async\" src=\"https:\/\/viajaplus.com.mx\/wp-content\/uploads\/2016\/12\/PortadaSheraton-700x466.jpg\" alt=\"Sheraton Buganvilias Resort\" \/><\/p>\n<div class=\"tour_label\">Oferta<\/div>\n<div class=\"tour_price has_discount\"><span class=\"normal_price\"><br \/>\n\t\t\t\t\t\t\t\t$24,000<br \/>\n\t\t\t\t\t\t\t<\/span>$12,990<\/div>\n<p><\/a><\/p>\n<div class=\"portfolio_info_wrapper\">\n        \t\t    <a class=\"tour_link\" href=\"https:\/\/viajaplus.com.mx\/index.php\/tour\/sheraton-buganvilias-resort\/\"><\/p>\n<h4>Sheraton Buganvilias Resort<\/h4>\n<p><\/a><\/p>\n<div class=\"tour_excerpt\">\n<p>Todo Incluido, Puerto Vallarta<\/p>\n<\/div>\n<div class=\"tour_attribute_wrapper\">\n<div class=\"tour_attribute_days\">\n\t\t\t    \t\t\t    <span class=\"ti-time\"><\/span>4&nbsp;days<\/div>\n<\/div>\n<p>        \t\t    <br class=\"clear\"\/>\n\t\t\t\t<\/div>\n<\/div>\n<\/div>\n<\/div>\n<\/div>\n<\/div>\n<\/div>\n<div  class=\"one withsmallpadding ppb_text\" style=\"text-align:center;padding:40px 0 40px 0;\" >\n<div class=\"standard_wrapper\">\n<div class=\"page_content_wrapper\">\n<div class=\"inner\">\n<div style=\"margin:auto;width:100%\">\n<p>\u00a0<\/p>\n<h3>Habla con un experto 800-953-0515<\/h3>\n<p><a class=\"button\" style=\"margin-top: 10px;\" href=\"#\">Reserva ahora<\/a><\/p>\n<\/div>\n<\/div>\n<\/div>\n<\/div>\n<\/div>\n<div  class=\"one ppb_image_fullwidth\" style=\"padding:0px 0 0px 0;\" >\n<div class=\"one withbg\" style=\"background-image:url(https:\/\/viajaplus.com.mx\/wp-content\/uploads\/2024\/03\/perfect-tan-slim-sexy-woman-tropical-beach-young-blonde-woman-have-fun-enjoying-her-summer-vacation-scaled.jpg);background-size:cover;background-position:center center;height:400px;position:relative;\"><\/div>\n<\/div>\n","protected":false},"excerpt":{"rendered":"<p>60% De Descuento $37,475 $15,990 Dreams Estrella de Mar Mazatl\u00e1n Certificado Vacacional Dreams Estrella de Mar Mazatl\u00e1n. 5 Dias 4 Noches. Todo Incluido. 2 Adultos + 2 Menores (3 A\u00f1os). Habitacion Vista Al Mar. Acceso a todos los restaurantes. Todas [&hellip;]<\/p>\n","protected":false},"author":1,"featured_media":4273,"parent":0,"menu_order":0,"comment_status":"closed","ping_status":"closed","template":"","meta":{"content-type":"","_monsterinsights_skip_tracking":false,"_monsterinsights_sitenote_active":false,"_monsterinsights_sitenote_note":"","_monsterinsights_sitenote_category":0,"footnotes":""},"class_list":["post-3101","page","type-page","status-publish","has-post-thumbnail","hentry"],"aioseo_notices":[],"_links":{"self":[{"href":"https:\/\/viajaplus.com.mx\/index.php\/wp-json\/wp\/v2\/pages\/3101","targetHints":{"allow":["GET"]}}],"collection":[{"href":"https:\/\/viajaplus.com.mx\/index.php\/wp-json\/wp\/v2\/pages"}],"about":[{"href":"https:\/\/viajaplus.com.mx\/index.php\/wp-json\/wp\/v2\/types\/page"}],"author":[{"embeddable":true,"href":"https:\/\/viajaplus.com.mx\/index.php\/wp-json\/wp\/v2\/users\/1"}],"replies":[{"embeddable":true,"href":"https:\/\/viajaplus.com.mx\/index.php\/wp-json\/wp\/v2\/comments?post=3101"}],"version-history":[{"count":12,"href":"https:\/\/viajaplus.com.mx\/index.php\/wp-json\/wp\/v2\/pages\/3101\/revisions"}],"predecessor-version":[{"id":4274,"href":"https:\/\/viajaplus.com.mx\/index.php\/wp-json\/wp\/v2\/pages\/3101\/revisions\/4274"}],"wp:featuredmedia":[{"embeddable":true,"href":"https:\/\/viajaplus.com.mx\/index.php\/wp-json\/wp\/v2\/media\/4273"}],"wp:attachment":[{"href":"https:\/\/viajaplus.com.mx\/index.php\/wp-json\/wp\/v2\/media?parent=3101"}],"curies":[{"name":"wp","href":"https:\/\/api.w.org\/{rel}","templated":true}]}}